{"id":12,"date":"2023-04-05T17:16:02","date_gmt":"2023-04-05T17:16:02","guid":{"rendered":"https:\/\/nrtools.pt\/?page_id=12"},"modified":"2024-04-02T21:09:53","modified_gmt":"2024-04-02T21:09:53","slug":"nrtools-pagina-inicial","status":"publish","type":"page","link":"https:\/\/nrtools.pt\/","title":{"rendered":"NRTOOLS &#8211; P\u00e1gina Inicial"},"content":{"rendered":"\t\t<div data-elementor-type=\"wp-page\" data-elementor-id=\"12\" class=\"elementor elementor-12\">\n\t\t\t\t<div class=\"elementor-element elementor-element-9edefb0 elementor-hidden-mobile e-flex e-con-boxed e-con e-parent\" data-id=\"9edefb0\" data-element_type=\"container\" data-settings=\"{&quot;background_background&quot;:&quot;classic&quot;}\" data-core-v316-plus=\"true\">\n\t\t\t\t\t<div class=\"e-con-inner\">\n\t\t<div class=\"elementor-element elementor-element-95be622 e-flex e-con-boxed e-con e-child\" data-id=\"95be622\" data-element_type=\"container\">\n\t\t\t\t\t<div class=\"e-con-inner\">\n\t\t\t\t<div class=\"elementor-element elementor-element-e9f4fb7 elementor-widget elementor-widget-image\" data-id=\"e9f4fb7\" data-element_type=\"widget\" data-widget_type=\"image.default\">\n\t\t\t\t<div class=\"elementor-widget-container\">\n\t\t\t<style>\/*! elementor - v3.20.0 - 26-03-2024 *\/\n.elementor-widget-image{text-align:center}.elementor-widget-image a{display:inline-block}.elementor-widget-image a img[src$=\".svg\"]{width:48px}.elementor-widget-image img{vertical-align:middle;display:inline-block}<\/style>\t\t\t\t\t\t\t\t\t\t<img fetchpriority=\"high\" decoding=\"async\" width=\"800\" height=\"800\" src=\"https:\/\/nrtools.pt\/wp-content\/uploads\/2023\/04\/NRTOOLS-LOGO-QUADRADO-1024x1024.png\" class=\"attachment-large size-large wp-image-16\" alt=\"\" srcset=\"https:\/\/nrtools.pt\/wp-content\/uploads\/2023\/04\/NRTOOLS-LOGO-QUADRADO-1024x1024.png 1024w, https:\/\/nrtools.pt\/wp-content\/uploads\/2023\/04\/NRTOOLS-LOGO-QUADRADO-300x300.png 300w, https:\/\/nrtools.pt\/wp-content\/uploads\/2023\/04\/NRTOOLS-LOGO-QUADRADO-150x150.png 150w, https:\/\/nrtools.pt\/wp-content\/uploads\/2023\/04\/NRTOOLS-LOGO-QUADRADO-768x768.png 768w, https:\/\/nrtools.pt\/wp-content\/uploads\/2023\/04\/NRTOOLS-LOGO-QUADRADO-1536x1536.png 1536w, https:\/\/nrtools.pt\/wp-content\/uploads\/2023\/04\/NRTOOLS-LOGO-QUADRADO-2048x2048.png 2048w, https:\/\/nrtools.pt\/wp-content\/uploads\/2023\/04\/NRTOOLS-LOGO-QUADRADO-600x600.png 600w, https:\/\/nrtools.pt\/wp-content\/uploads\/2023\/04\/NRTOOLS-LOGO-QUADRADO-100x100.png 100w\" sizes=\"(max-width: 800px) 100vw, 800px\" \/>\t\t\t\t\t\t\t\t\t\t\t\t\t<\/div>\n\t\t\t\t<\/div>\n\t\t\t\t\t<\/div>\n\t\t\t\t<\/div>\n\t\t<div class=\"elementor-element elementor-element-df3d3af e-flex e-con-boxed e-con e-child\" data-id=\"df3d3af\" data-element_type=\"container\">\n\t\t\t\t\t<div class=\"e-con-inner\">\n\t\t\t\t<div class=\"elementor-element elementor-element-e06e796 elementor-view-default elementor-widget elementor-widget-icon\" data-id=\"e06e796\" data-element_type=\"widget\" data-widget_type=\"icon.default\">\n\t\t\t\t<div class=\"elementor-widget-container\">\n\t\t\t\t\t<div class=\"elementor-icon-wrapper\">\n\t\t\t<div class=\"elementor-icon\">\n\t\t\t<svg xmlns=\"http:\/\/www.w3.org\/2000\/svg\" xmlns:xlink=\"http:\/\/www.w3.org\/1999\/xlink\" xmlns:svgjs=\"http:\/\/svgjs.com\/svgjs\" width=\"512\" height=\"512\" x=\"0\" y=\"0\" viewBox=\"0 0 682.667 682.667\" style=\"enable-background:new 0 0 512 512\" xml:space=\"preserve\" class=\"\"><g><defs><clipPath id=\"a\" clipPathUnits=\"userSpaceOnUse\"><path d=\"M0 512h512V0H0Z\" fill=\"#ffffff\" data-original=\"#000000\" class=\"\"><\/path><\/clipPath><\/defs><g clip-path=\"url(#a)\" transform=\"matrix(1.33333 0 0 -1.33333 0 682.667)\"><path d=\"M0 0h-200.178c-5.402 0-9.78 4.379-9.78 9.781 0 20.437 16.567 37.005 37.004 37.005h145.73c20.437 0 37.005-16.568 37.005-37.005C9.781 4.379 5.401 0 0 0Z\" style=\"stroke-linecap: round; stroke-linejoin: round; stroke-miterlimit: 10; stroke-dasharray: none; stroke-opacity: 1;\" transform=\"translate(356.089 7.5)\" fill=\"none\" stroke=\"#FFFFFF\" stroke-width=\"15px\" stroke-linecap=\"round\" stroke-linejoin=\"round\" stroke-miterlimit=\"10\" stroke-dasharray=\"none\" stroke-opacity=\"\" data-original=\"#000000\"><\/path><path d=\"M0 0h-448.518\" style=\"stroke-linecap: round; stroke-linejoin: round; stroke-miterlimit: 10; stroke-dasharray: none; stroke-opacity: 1;\" transform=\"translate(480.259 160.284)\" fill=\"none\" stroke=\"#FFFFFF\" stroke-width=\"15px\" stroke-linecap=\"round\" stroke-linejoin=\"round\" stroke-miterlimit=\"10\" stroke-dasharray=\"none\" stroke-opacity=\"\" data-original=\"#000000\"><\/path><path d=\"M0 0h-57.287\" style=\"stroke-linecap: round; stroke-linejoin: round; stroke-miterlimit: 10; stroke-dasharray: none; stroke-opacity: 1;\" transform=\"translate(210.12 456.792)\" fill=\"none\" stroke=\"#FFFFFF\" stroke-width=\"15px\" stroke-linecap=\"round\" stroke-linejoin=\"round\" stroke-miterlimit=\"10\" stroke-dasharray=\"none\" stroke-opacity=\"\" data-original=\"#000000\"><\/path><path d=\"M0 0v21.904c0 15.608-12.652 28.259-28.259 28.259h-201.715\" style=\"stroke-linecap: round; stroke-linejoin: round; stroke-miterlimit: 10; stroke-dasharray: none; stroke-opacity: 1;\" transform=\"translate(480.259 406.629)\" fill=\"none\" stroke=\"#FFFFFF\" stroke-width=\"15px\" stroke-linecap=\"round\" stroke-linejoin=\"round\" stroke-miterlimit=\"10\" stroke-dasharray=\"none\" stroke-opacity=\"\" data-original=\"#000000\"><\/path><path d=\"M0 0h-75.917c-15.607 0-28.26-12.651-28.26-28.259v-293.423c0-15.607 12.653-28.259 28.26-28.259h391.999c15.606 0 28.259 12.652 28.259 28.259v235.797\" style=\"stroke-linecap: round; stroke-linejoin: round; stroke-miterlimit: 10; stroke-dasharray: none; stroke-opacity: 1;\" transform=\"translate(135.918 456.792)\" fill=\"none\" stroke=\"#FFFFFF\" stroke-width=\"15px\" stroke-linecap=\"round\" stroke-linejoin=\"round\" stroke-miterlimit=\"10\" stroke-dasharray=\"none\" stroke-opacity=\"\" data-original=\"#000000\"><\/path><path d=\"m0 0 15.929-15.93c11.095-11.095 29.085-11.095 40.18 0v.001c11.096 11.095 11.096 29.085 0 40.18L39.22 41.141\" style=\"stroke-linecap: round; stroke-linejoin: round; stroke-miterlimit: 10; stroke-dasharray: none; stroke-opacity: 1;\" transform=\"translate(337.788 261.565)\" fill=\"none\" stroke=\"#FFFFFF\" stroke-width=\"15px\" stroke-linecap=\"round\" stroke-linejoin=\"round\" stroke-miterlimit=\"10\" stroke-dasharray=\"none\" stroke-opacity=\"\" data-original=\"#000000\"><\/path><path d=\"m0 0-16.618 16.619C-26.763 26.763-33.23 40.036-34.809 54.295a32.827 32.827 0 0 0-.148 1.662c-.77 13.737-6.401 27.254-16.897 37.749-14.545 14.546-35.116 19.973-53.815 15.838-5.015-1.108-6.79-7.358-3.159-10.989l28.085-28.085c8.259-8.259 8.259-21.649 0-29.907-8.258-8.258-21.649-8.258-29.907 0l-28.085 28.084c-3.631 3.632-9.881 1.856-10.99-3.158-4.134-18.699 1.293-39.27 15.839-53.816 10.495-10.495 24.011-16.126 37.748-16.896a31.87 31.87 0 0 0 1.663-.149c13.702-1.516 26.492-7.548 36.472-17.018v.001l.025-.025\" style=\"stroke-linecap: round; stroke-linejoin: round; stroke-miterlimit: 10; stroke-dasharray: none; stroke-opacity: 1;\" transform=\"translate(286.103 393.61)\" fill=\"none\" stroke=\"#FFFFFF\" stroke-width=\"15px\" stroke-linecap=\"round\" stroke-linejoin=\"round\" stroke-miterlimit=\"10\" stroke-dasharray=\"none\" stroke-opacity=\"\" data-original=\"#000000\"><\/path><path d=\"M0 0v0c-5.907-5.907-5.907-15.484 0-21.392l75.263-75.262c5.907-5.908 15.484-5.908 21.391 0 5.908 5.907 5.908 15.484 0 21.391L21.392 0C15.485 5.907 5.907 5.907 0 0Z\" style=\"stroke-linecap: round; stroke-linejoin: round; stroke-miterlimit: 10; stroke-dasharray: none; stroke-opacity: 1;\" transform=\"translate(174.486 290.955)\" fill=\"none\" stroke=\"#FFFFFF\" stroke-width=\"15px\" stroke-linecap=\"round\" stroke-linejoin=\"round\" stroke-miterlimit=\"10\" stroke-dasharray=\"none\" stroke-opacity=\"\" data-original=\"#000000\"><\/path><path d=\"m0 0 17.535 17.535a28.526 28.526 0 0 0 8.903 6.037l23.297 10.023a119.893 119.893 0 0 1 31.897 22.826l20.925 20.596c6.606 6.605 6.414 17.435-.575 23.796-3.594 3.27-8.288 4.571-12.826 4.043-.658-.077-1.317.127-1.779.603l-.122.127a2.055 2.055 0 0 0-.125 2.726c.786.968 1.751 2.222 2.163 3.022 3.055 5.929 2.252 13.389-2.675 18.327-5.406 5.42-12.934 6.771-19.119 3.892-.235-.11-.76-.27-.972-.014-.221.266.02.731.163.931 4.516 6.324 4.316 15.164-1.133 20.989a16.408 16.408 0 0 1-19.191 3.572c-.072-.035-.579-.288-.753-.077-.275.335.188.792.188.792l1.656 1.656c6.262 6.262 6.843 16.465.881 23.014-6.359 6.987-17.211 7.151-23.816.547l-39.988-39.923c-.306-.308-.625-.59-.953-.851l-.203-.202c-4.308-4.308-10.665-4.184-14.972.126l-10.196 10.165c-9.32-9.865-14.81-22.968-13.206-36.465l1.698-14.276a28.55 28.55 0 0 0-8.161-23.557l-9.261-9.259\" style=\"stroke-linecap: round; stroke-linejoin: round; stroke-miterlimit: 10; stroke-dasharray: none; stroke-opacity: 1;\" transform=\"translate(269.89 216.943)\" fill=\"none\" stroke=\"#FFFFFF\" stroke-width=\"15px\" stroke-linecap=\"round\" stroke-linejoin=\"round\" stroke-miterlimit=\"10\" stroke-dasharray=\"none\" stroke-opacity=\"\" data-original=\"#000000\"><\/path><path d=\"m0 0-50.429-50.429\" style=\"stroke-linecap: round; stroke-linejoin: round; stroke-miterlimit: 10; stroke-dasharray: none; stroke-opacity: 1;\" transform=\"translate(115.59 210.713)\" fill=\"none\" stroke=\"#FFFFFF\" stroke-width=\"15px\" stroke-linecap=\"round\" stroke-linejoin=\"round\" stroke-miterlimit=\"10\" stroke-dasharray=\"none\" stroke-opacity=\"\" data-original=\"#000000\"><\/path><path d=\"M0 0a.488.488 0 0 1-.022.023l-33.711-33.711\" style=\"stroke-linecap: round; stroke-linejoin: round; stroke-miterlimit: 10; stroke-dasharray: none; stroke-opacity: 1;\" transform=\"translate(174.486 269.563)\" fill=\"none\" stroke=\"#FFFFFF\" stroke-width=\"15px\" stroke-linecap=\"round\" stroke-linejoin=\"round\" stroke-miterlimit=\"10\" stroke-dasharray=\"none\" stroke-opacity=\"\" data-original=\"#000000\"><\/path><path d=\"m0 0 31.413 31.413\" style=\"stroke-linecap: round; stroke-linejoin: round; stroke-miterlimit: 10; stroke-dasharray: none; stroke-opacity: 1;\" transform=\"translate(221.818 160.284)\" fill=\"none\" stroke=\"#FFFFFF\" stroke-width=\"15px\" stroke-linecap=\"round\" stroke-linejoin=\"round\" stroke-miterlimit=\"10\" stroke-dasharray=\"none\" stroke-opacity=\"\" data-original=\"#000000\"><\/path><path d=\"m0 0-13.644-52.564\" style=\"stroke-linecap: round; stroke-linejoin: round; stroke-miterlimit: 10; stroke-dasharray: none; stroke-opacity: 1;\" transform=\"translate(219.42 106.85)\" fill=\"none\" stroke=\"#FFFFFF\" stroke-width=\"15px\" stroke-linecap=\"round\" stroke-linejoin=\"round\" stroke-miterlimit=\"10\" stroke-dasharray=\"none\" stroke-opacity=\"\" data-original=\"#000000\"><\/path><path d=\"m0 0-13.644 52.564\" style=\"stroke-linecap: round; stroke-linejoin: round; stroke-miterlimit: 10; stroke-dasharray: none; stroke-opacity: 1;\" transform=\"translate(306.224 54.286)\" fill=\"none\" stroke=\"#FFFFFF\" stroke-width=\"15px\" stroke-linecap=\"round\" stroke-linejoin=\"round\" stroke-miterlimit=\"10\" stroke-dasharray=\"none\" stroke-opacity=\"\" data-original=\"#000000\"><\/path><\/g><\/g><\/svg>\t\t\t<\/div>\n\t\t<\/div>\n\t\t\t\t<\/div>\n\t\t\t\t<\/div>\n\t\t\t\t<div class=\"elementor-element elementor-element-74f5494 elementor-widget elementor-widget-heading\" data-id=\"74f5494\" data-element_type=\"widget\" data-widget_type=\"heading.default\">\n\t\t\t\t<div class=\"elementor-widget-container\">\n\t\t\t<style>\/*! elementor - v3.20.0 - 26-03-2024 *\/\n.elementor-heading-title{padding:0;margin:0;line-height:1}.elementor-widget-heading .elementor-heading-title[class*=elementor-size-]>a{color:inherit;font-size:inherit;line-height:inherit}.elementor-widget-heading .elementor-heading-title.elementor-size-small{font-size:15px}.elementor-widget-heading .elementor-heading-title.elementor-size-medium{font-size:19px}.elementor-widget-heading .elementor-heading-title.elementor-size-large{font-size:29px}.elementor-widget-heading .elementor-heading-title.elementor-size-xl{font-size:39px}.elementor-widget-heading .elementor-heading-title.elementor-size-xxl{font-size:59px}<\/style><h1 class=\"elementor-heading-title elementor-size-default\">P\u00e1gina em constru\u00e7\u00e3o.\n<br>\nAt\u00e9 breve!<\/h1>\t\t<\/div>\n\t\t\t\t<\/div>\n\t\t\t\t\t<\/div>\n\t\t\t\t<\/div>\n\t\t<div class=\"elementor-element elementor-element-d036120 e-flex e-con-boxed e-con e-child\" data-id=\"d036120\" data-element_type=\"container\">\n\t\t\t\t\t<div class=\"e-con-inner\">\n\t\t\t\t<div class=\"elementor-element elementor-element-41f455e elementor-icon-list--layout-traditional elementor-list-item-link-full_width elementor-widget elementor-widget-icon-list\" data-id=\"41f455e\" data-element_type=\"widget\" data-widget_type=\"icon-list.default\">\n\t\t\t\t<div class=\"elementor-widget-container\">\n\t\t\t<link rel=\"stylesheet\" href=\"https:\/\/nrtools.pt\/wp-content\/plugins\/elementor\/assets\/css\/widget-icon-list.min.css\">\t\t<ul class=\"elementor-icon-list-items\">\n\t\t\t\t\t\t\t<li class=\"elementor-icon-list-item\">\n\t\t\t\t\t\t\t\t\t\t\t<span class=\"elementor-icon-list-icon\">\n\t\t\t\t\t\t\t<i aria-hidden=\"true\" class=\"fas fa-mail-bulk\"><\/i>\t\t\t\t\t\t<\/span>\n\t\t\t\t\t\t\t\t\t\t<span class=\"elementor-icon-list-text\"><b>E-mail:<\/b> geral@nrtools.pt<\/span>\n\t\t\t\t\t\t\t\t\t<\/li>\n\t\t\t\t\t\t\t\t<li class=\"elementor-icon-list-item\">\n\t\t\t\t\t\t\t\t\t\t\t<span class=\"elementor-icon-list-icon\">\n\t\t\t\t\t\t\t<i aria-hidden=\"true\" class=\"fas fa-phone-alt\"><\/i>\t\t\t\t\t\t<\/span>\n\t\t\t\t\t\t\t\t\t\t<span class=\"elementor-icon-list-text\"><b>Telem\u00f3vel:<\/b> 919 101 863<\/span>\n\t\t\t\t\t\t\t\t\t<\/li>\n\t\t\t\t\t\t<\/ul>\n\t\t\t\t<\/div>\n\t\t\t\t<\/div>\n\t\t\t\t\t<\/div>\n\t\t\t\t<\/div>\n\t\t\t\t\t<\/div>\n\t\t\t\t<\/div>\n\t\t<div class=\"elementor-element elementor-element-bf070ee elementor-hidden-desktop elementor-hidden-tablet e-flex e-con-boxed e-con e-parent\" data-id=\"bf070ee\" data-element_type=\"container\" data-settings=\"{&quot;background_background&quot;:&quot;classic&quot;}\" data-core-v316-plus=\"true\">\n\t\t\t\t\t<div class=\"e-con-inner\">\n\t\t<div class=\"elementor-element elementor-element-0951a01 e-flex e-con-boxed e-con e-child\" data-id=\"0951a01\" data-element_type=\"container\">\n\t\t\t\t\t<div class=\"e-con-inner\">\n\t\t\t\t<div class=\"elementor-element elementor-element-8e1c3e7 elementor-widget elementor-widget-image\" data-id=\"8e1c3e7\" data-element_type=\"widget\" data-widget_type=\"image.default\">\n\t\t\t\t<div class=\"elementor-widget-container\">\n\t\t\t\t\t\t\t\t\t\t\t\t\t<img fetchpriority=\"high\" decoding=\"async\" width=\"800\" height=\"800\" src=\"https:\/\/nrtools.pt\/wp-content\/uploads\/2023\/04\/NRTOOLS-LOGO-QUADRADO-1024x1024.png\" class=\"attachment-large size-large wp-image-16\" alt=\"\" srcset=\"https:\/\/nrtools.pt\/wp-content\/uploads\/2023\/04\/NRTOOLS-LOGO-QUADRADO-1024x1024.png 1024w, https:\/\/nrtools.pt\/wp-content\/uploads\/2023\/04\/NRTOOLS-LOGO-QUADRADO-300x300.png 300w, https:\/\/nrtools.pt\/wp-content\/uploads\/2023\/04\/NRTOOLS-LOGO-QUADRADO-150x150.png 150w, https:\/\/nrtools.pt\/wp-content\/uploads\/2023\/04\/NRTOOLS-LOGO-QUADRADO-768x768.png 768w, https:\/\/nrtools.pt\/wp-content\/uploads\/2023\/04\/NRTOOLS-LOGO-QUADRADO-1536x1536.png 1536w, https:\/\/nrtools.pt\/wp-content\/uploads\/2023\/04\/NRTOOLS-LOGO-QUADRADO-2048x2048.png 2048w, https:\/\/nrtools.pt\/wp-content\/uploads\/2023\/04\/NRTOOLS-LOGO-QUADRADO-600x600.png 600w, https:\/\/nrtools.pt\/wp-content\/uploads\/2023\/04\/NRTOOLS-LOGO-QUADRADO-100x100.png 100w\" sizes=\"(max-width: 800px) 100vw, 800px\" \/>\t\t\t\t\t\t\t\t\t\t\t\t\t<\/div>\n\t\t\t\t<\/div>\n\t\t\t\t\t<\/div>\n\t\t\t\t<\/div>\n\t\t<div class=\"elementor-element elementor-element-c203ce8 e-flex e-con-boxed e-con e-child\" data-id=\"c203ce8\" data-element_type=\"container\">\n\t\t\t\t\t<div class=\"e-con-inner\">\n\t\t\t\t<div class=\"elementor-element elementor-element-0e1b468 elementor-view-default elementor-widget elementor-widget-icon\" data-id=\"0e1b468\" data-element_type=\"widget\" data-widget_type=\"icon.default\">\n\t\t\t\t<div class=\"elementor-widget-container\">\n\t\t\t\t\t<div class=\"elementor-icon-wrapper\">\n\t\t\t<div class=\"elementor-icon\">\n\t\t\t<svg xmlns=\"http:\/\/www.w3.org\/2000\/svg\" xmlns:xlink=\"http:\/\/www.w3.org\/1999\/xlink\" xmlns:svgjs=\"http:\/\/svgjs.com\/svgjs\" width=\"512\" height=\"512\" x=\"0\" y=\"0\" viewBox=\"0 0 682.667 682.667\" style=\"enable-background:new 0 0 512 512\" xml:space=\"preserve\" class=\"\"><g><defs><clipPath id=\"a\" clipPathUnits=\"userSpaceOnUse\"><path d=\"M0 512h512V0H0Z\" fill=\"#ffffff\" data-original=\"#000000\" class=\"\"><\/path><\/clipPath><\/defs><g clip-path=\"url(#a)\" transform=\"matrix(1.33333 0 0 -1.33333 0 682.667)\"><path d=\"M0 0h-200.178c-5.402 0-9.78 4.379-9.78 9.781 0 20.437 16.567 37.005 37.004 37.005h145.73c20.437 0 37.005-16.568 37.005-37.005C9.781 4.379 5.401 0 0 0Z\" style=\"stroke-linecap: round; stroke-linejoin: round; stroke-miterlimit: 10; stroke-dasharray: none; stroke-opacity: 1;\" transform=\"translate(356.089 7.5)\" fill=\"none\" stroke=\"#FFFFFF\" stroke-width=\"15px\" stroke-linecap=\"round\" stroke-linejoin=\"round\" stroke-miterlimit=\"10\" stroke-dasharray=\"none\" stroke-opacity=\"\" data-original=\"#000000\"><\/path><path d=\"M0 0h-448.518\" style=\"stroke-linecap: round; stroke-linejoin: round; stroke-miterlimit: 10; stroke-dasharray: none; stroke-opacity: 1;\" transform=\"translate(480.259 160.284)\" fill=\"none\" stroke=\"#FFFFFF\" stroke-width=\"15px\" stroke-linecap=\"round\" stroke-linejoin=\"round\" stroke-miterlimit=\"10\" stroke-dasharray=\"none\" stroke-opacity=\"\" data-original=\"#000000\"><\/path><path d=\"M0 0h-57.287\" style=\"stroke-linecap: round; stroke-linejoin: round; stroke-miterlimit: 10; stroke-dasharray: none; stroke-opacity: 1;\" transform=\"translate(210.12 456.792)\" fill=\"none\" stroke=\"#FFFFFF\" stroke-width=\"15px\" stroke-linecap=\"round\" stroke-linejoin=\"round\" stroke-miterlimit=\"10\" stroke-dasharray=\"none\" stroke-opacity=\"\" data-original=\"#000000\"><\/path><path d=\"M0 0v21.904c0 15.608-12.652 28.259-28.259 28.259h-201.715\" style=\"stroke-linecap: round; stroke-linejoin: round; stroke-miterlimit: 10; stroke-dasharray: none; stroke-opacity: 1;\" transform=\"translate(480.259 406.629)\" fill=\"none\" stroke=\"#FFFFFF\" stroke-width=\"15px\" stroke-linecap=\"round\" stroke-linejoin=\"round\" stroke-miterlimit=\"10\" stroke-dasharray=\"none\" stroke-opacity=\"\" data-original=\"#000000\"><\/path><path d=\"M0 0h-75.917c-15.607 0-28.26-12.651-28.26-28.259v-293.423c0-15.607 12.653-28.259 28.26-28.259h391.999c15.606 0 28.259 12.652 28.259 28.259v235.797\" style=\"stroke-linecap: round; stroke-linejoin: round; stroke-miterlimit: 10; stroke-dasharray: none; stroke-opacity: 1;\" transform=\"translate(135.918 456.792)\" fill=\"none\" stroke=\"#FFFFFF\" stroke-width=\"15px\" stroke-linecap=\"round\" stroke-linejoin=\"round\" stroke-miterlimit=\"10\" stroke-dasharray=\"none\" stroke-opacity=\"\" data-original=\"#000000\"><\/path><path d=\"m0 0 15.929-15.93c11.095-11.095 29.085-11.095 40.18 0v.001c11.096 11.095 11.096 29.085 0 40.18L39.22 41.141\" style=\"stroke-linecap: round; stroke-linejoin: round; stroke-miterlimit: 10; stroke-dasharray: none; stroke-opacity: 1;\" transform=\"translate(337.788 261.565)\" fill=\"none\" stroke=\"#FFFFFF\" stroke-width=\"15px\" stroke-linecap=\"round\" stroke-linejoin=\"round\" stroke-miterlimit=\"10\" stroke-dasharray=\"none\" stroke-opacity=\"\" data-original=\"#000000\"><\/path><path d=\"m0 0-16.618 16.619C-26.763 26.763-33.23 40.036-34.809 54.295a32.827 32.827 0 0 0-.148 1.662c-.77 13.737-6.401 27.254-16.897 37.749-14.545 14.546-35.116 19.973-53.815 15.838-5.015-1.108-6.79-7.358-3.159-10.989l28.085-28.085c8.259-8.259 8.259-21.649 0-29.907-8.258-8.258-21.649-8.258-29.907 0l-28.085 28.084c-3.631 3.632-9.881 1.856-10.99-3.158-4.134-18.699 1.293-39.27 15.839-53.816 10.495-10.495 24.011-16.126 37.748-16.896a31.87 31.87 0 0 0 1.663-.149c13.702-1.516 26.492-7.548 36.472-17.018v.001l.025-.025\" style=\"stroke-linecap: round; stroke-linejoin: round; stroke-miterlimit: 10; stroke-dasharray: none; stroke-opacity: 1;\" transform=\"translate(286.103 393.61)\" fill=\"none\" stroke=\"#FFFFFF\" stroke-width=\"15px\" stroke-linecap=\"round\" stroke-linejoin=\"round\" stroke-miterlimit=\"10\" stroke-dasharray=\"none\" stroke-opacity=\"\" data-original=\"#000000\"><\/path><path d=\"M0 0v0c-5.907-5.907-5.907-15.484 0-21.392l75.263-75.262c5.907-5.908 15.484-5.908 21.391 0 5.908 5.907 5.908 15.484 0 21.391L21.392 0C15.485 5.907 5.907 5.907 0 0Z\" style=\"stroke-linecap: round; stroke-linejoin: round; stroke-miterlimit: 10; stroke-dasharray: none; stroke-opacity: 1;\" transform=\"translate(174.486 290.955)\" fill=\"none\" stroke=\"#FFFFFF\" stroke-width=\"15px\" stroke-linecap=\"round\" stroke-linejoin=\"round\" stroke-miterlimit=\"10\" stroke-dasharray=\"none\" stroke-opacity=\"\" data-original=\"#000000\"><\/path><path d=\"m0 0 17.535 17.535a28.526 28.526 0 0 0 8.903 6.037l23.297 10.023a119.893 119.893 0 0 1 31.897 22.826l20.925 20.596c6.606 6.605 6.414 17.435-.575 23.796-3.594 3.27-8.288 4.571-12.826 4.043-.658-.077-1.317.127-1.779.603l-.122.127a2.055 2.055 0 0 0-.125 2.726c.786.968 1.751 2.222 2.163 3.022 3.055 5.929 2.252 13.389-2.675 18.327-5.406 5.42-12.934 6.771-19.119 3.892-.235-.11-.76-.27-.972-.014-.221.266.02.731.163.931 4.516 6.324 4.316 15.164-1.133 20.989a16.408 16.408 0 0 1-19.191 3.572c-.072-.035-.579-.288-.753-.077-.275.335.188.792.188.792l1.656 1.656c6.262 6.262 6.843 16.465.881 23.014-6.359 6.987-17.211 7.151-23.816.547l-39.988-39.923c-.306-.308-.625-.59-.953-.851l-.203-.202c-4.308-4.308-10.665-4.184-14.972.126l-10.196 10.165c-9.32-9.865-14.81-22.968-13.206-36.465l1.698-14.276a28.55 28.55 0 0 0-8.161-23.557l-9.261-9.259\" style=\"stroke-linecap: round; stroke-linejoin: round; stroke-miterlimit: 10; stroke-dasharray: none; stroke-opacity: 1;\" transform=\"translate(269.89 216.943)\" fill=\"none\" stroke=\"#FFFFFF\" stroke-width=\"15px\" stroke-linecap=\"round\" stroke-linejoin=\"round\" stroke-miterlimit=\"10\" stroke-dasharray=\"none\" stroke-opacity=\"\" data-original=\"#000000\"><\/path><path d=\"m0 0-50.429-50.429\" style=\"stroke-linecap: round; stroke-linejoin: round; stroke-miterlimit: 10; stroke-dasharray: none; stroke-opacity: 1;\" transform=\"translate(115.59 210.713)\" fill=\"none\" stroke=\"#FFFFFF\" stroke-width=\"15px\" stroke-linecap=\"round\" stroke-linejoin=\"round\" stroke-miterlimit=\"10\" stroke-dasharray=\"none\" stroke-opacity=\"\" data-original=\"#000000\"><\/path><path d=\"M0 0a.488.488 0 0 1-.022.023l-33.711-33.711\" style=\"stroke-linecap: round; stroke-linejoin: round; stroke-miterlimit: 10; stroke-dasharray: none; stroke-opacity: 1;\" transform=\"translate(174.486 269.563)\" fill=\"none\" stroke=\"#FFFFFF\" stroke-width=\"15px\" stroke-linecap=\"round\" stroke-linejoin=\"round\" stroke-miterlimit=\"10\" stroke-dasharray=\"none\" stroke-opacity=\"\" data-original=\"#000000\"><\/path><path d=\"m0 0 31.413 31.413\" style=\"stroke-linecap: round; stroke-linejoin: round; stroke-miterlimit: 10; stroke-dasharray: none; stroke-opacity: 1;\" transform=\"translate(221.818 160.284)\" fill=\"none\" stroke=\"#FFFFFF\" stroke-width=\"15px\" stroke-linecap=\"round\" stroke-linejoin=\"round\" stroke-miterlimit=\"10\" stroke-dasharray=\"none\" stroke-opacity=\"\" data-original=\"#000000\"><\/path><path d=\"m0 0-13.644-52.564\" style=\"stroke-linecap: round; stroke-linejoin: round; stroke-miterlimit: 10; stroke-dasharray: none; stroke-opacity: 1;\" transform=\"translate(219.42 106.85)\" fill=\"none\" stroke=\"#FFFFFF\" stroke-width=\"15px\" stroke-linecap=\"round\" stroke-linejoin=\"round\" stroke-miterlimit=\"10\" stroke-dasharray=\"none\" stroke-opacity=\"\" data-original=\"#000000\"><\/path><path d=\"m0 0-13.644 52.564\" style=\"stroke-linecap: round; stroke-linejoin: round; stroke-miterlimit: 10; stroke-dasharray: none; stroke-opacity: 1;\" transform=\"translate(306.224 54.286)\" fill=\"none\" stroke=\"#FFFFFF\" stroke-width=\"15px\" stroke-linecap=\"round\" stroke-linejoin=\"round\" stroke-miterlimit=\"10\" stroke-dasharray=\"none\" stroke-opacity=\"\" data-original=\"#000000\"><\/path><\/g><\/g><\/svg>\t\t\t<\/div>\n\t\t<\/div>\n\t\t\t\t<\/div>\n\t\t\t\t<\/div>\n\t\t\t\t<div class=\"elementor-element elementor-element-e50e17a elementor-widget elementor-widget-heading\" data-id=\"e50e17a\" data-element_type=\"widget\" data-widget_type=\"heading.default\">\n\t\t\t\t<div class=\"elementor-widget-container\">\n\t\t\t<h1 class=\"elementor-heading-title elementor-size-default\">P\u00e1gina em constru\u00e7\u00e3o.\n<br>\nAt\u00e9 breve!<\/h1>\t\t<\/div>\n\t\t\t\t<\/div>\n\t\t\t\t\t<\/div>\n\t\t\t\t<\/div>\n\t\t<div class=\"elementor-element elementor-element-4c1a0c8 e-flex e-con-boxed e-con e-child\" data-id=\"4c1a0c8\" data-element_type=\"container\">\n\t\t\t\t\t<div class=\"e-con-inner\">\n\t\t\t\t<div class=\"elementor-element elementor-element-bc54282 elementor-icon-list--layout-traditional elementor-list-item-link-full_width elementor-widget elementor-widget-icon-list\" data-id=\"bc54282\" data-element_type=\"widget\" data-widget_type=\"icon-list.default\">\n\t\t\t\t<div class=\"elementor-widget-container\">\n\t\t\t\t\t<ul class=\"elementor-icon-list-items\">\n\t\t\t\t\t\t\t<li class=\"elementor-icon-list-item\">\n\t\t\t\t\t\t\t\t\t\t\t<span class=\"elementor-icon-list-icon\">\n\t\t\t\t\t\t\t<i aria-hidden=\"true\" class=\"fas fa-mail-bulk\"><\/i>\t\t\t\t\t\t<\/span>\n\t\t\t\t\t\t\t\t\t\t<span class=\"elementor-icon-list-text\"><b>E-mail:<\/b> geral@nrtools.pt<\/span>\n\t\t\t\t\t\t\t\t\t<\/li>\n\t\t\t\t\t\t\t\t<li class=\"elementor-icon-list-item\">\n\t\t\t\t\t\t\t\t\t\t\t<span class=\"elementor-icon-list-icon\">\n\t\t\t\t\t\t\t<i aria-hidden=\"true\" class=\"fas fa-phone-alt\"><\/i>\t\t\t\t\t\t<\/span>\n\t\t\t\t\t\t\t\t\t\t<span class=\"elementor-icon-list-text\"><b>Telem\u00f3vel:<\/b> 919 101 863<\/span>\n\t\t\t\t\t\t\t\t\t<\/li>\n\t\t\t\t\t\t<\/ul>\n\t\t\t\t<\/div>\n\t\t\t\t<\/div>\n\t\t\t\t\t<\/div>\n\t\t\t\t<\/div>\n\t\t\t\t\t<\/div>\n\t\t\t\t<\/div>\n\t\t\t\t<\/div>\n\t\t","protected":false},"excerpt":{"rendered":"<p>P\u00e1gina em constru\u00e7\u00e3o. At\u00e9 breve! E-mail: geral@nrtools.pt Telem\u00f3vel: 919 101 863 P\u00e1gina em constru\u00e7\u00e3o. At\u00e9 breve! E-mail: geral@nrtools.pt Telem\u00f3vel: 919 101 863<\/p>\n","protected":false},"author":1,"featured_media":0,"parent":0,"menu_order":0,"comment_status":"closed","ping_status":"closed","template":"elementor_canvas","meta":{"footnotes":""},"class_list":["post-12","page","type-page","status-publish","hentry"],"_links":{"self":[{"href":"https:\/\/nrtools.pt\/index.php?rest_route=\/wp\/v2\/pages\/12","targetHints":{"allow":["GET"]}}],"collection":[{"href":"https:\/\/nrtools.pt\/index.php?rest_route=\/wp\/v2\/pages"}],"about":[{"href":"https:\/\/nrtools.pt\/index.php?rest_route=\/wp\/v2\/types\/page"}],"author":[{"embeddable":true,"href":"https:\/\/nrtools.pt\/index.php?rest_route=\/wp\/v2\/users\/1"}],"replies":[{"embeddable":true,"href":"https:\/\/nrtools.pt\/index.php?rest_route=%2Fwp%2Fv2%2Fcomments&post=12"}],"version-history":[{"count":41,"href":"https:\/\/nrtools.pt\/index.php?rest_route=\/wp\/v2\/pages\/12\/revisions"}],"predecessor-version":[{"id":227,"href":"https:\/\/nrtools.pt\/index.php?rest_route=\/wp\/v2\/pages\/12\/revisions\/227"}],"wp:attachment":[{"href":"https:\/\/nrtools.pt\/index.php?rest_route=%2Fwp%2Fv2%2Fmedia&parent=12"}],"curies":[{"name":"wp","href":"https:\/\/api.w.org\/{rel}","templated":true}]}}